{"id":11390,"date":"2023-06-17T01:25:38","date_gmt":"2023-06-17T00:25:38","guid":{"rendered":"https:\/\/yulmaz.com\/?page_id=11390"},"modified":"2023-08-20T15:13:40","modified_gmt":"2023-08-20T14:13:40","slug":"pre-inscription","status":"publish","type":"page","link":"https:\/\/yulmaz.com\/en\/pre-inscription\/","title":{"rendered":"PRE-INSCRIPTION"},"content":{"rendered":"\t\t<div data-elementor-type=\"wp-page\" data-elementor-id=\"11390\" class=\"elementor elementor-11390\" data-elementor-post-type=\"page\">\n\t\t\t\t\t\t<section class=\"elementor-section elementor-top-section elementor-element elementor-element-332bb1f9 elementor-section-content-middle elementor-section-boxed elementor-section-height-default elementor-section-height-default\" data-id=\"332bb1f9\" data-element_type=\"section\" data-e-type=\"section\" data-settings=\"{&quot;background_background&quot;:&quot;classic&quot;}\">\n\t\t\t\t\t\t<div class=\"elementor-container elementor-column-gap-no\">\n\t\t\t\t\t<div class=\"elementor-column elementor-col-100 elementor-top-column elementor-element elementor-element-6cf60bba\" data-id=\"6cf60bba\" data-element_type=\"column\" data-e-type=\"column\">\n\t\t\t<div class=\"elementor-widget-wrap elementor-element-populated\">\n\t\t\t\t\t\t<div class=\"elementor-element elementor-element-ff89f0e elementor-widget elementor-widget-image\" data-id=\"ff89f0e\" data-element_type=\"widget\" data-e-type=\"widget\" data-widget_type=\"image.default\">\n\t\t\t\t<div class=\"elementor-widget-container\">\n\t\t\t\t\t\t\t\t\t\t\t\t\t\t\t<img fetchpriority=\"high\" decoding=\"async\" width=\"1200\" height=\"351\" src=\"https:\/\/yulmaz.com\/wp-content\/uploads\/2022\/04\/La-formule-La-recette-35.png\" class=\"attachment-full size-full wp-image-5655\" alt=\"La formule La recette\" srcset=\"https:\/\/yulmaz.com\/wp-content\/uploads\/2022\/04\/La-formule-La-recette-35.png 1200w, https:\/\/yulmaz.com\/wp-content\/uploads\/2022\/04\/La-formule-La-recette-35-500x146.png 500w, https:\/\/yulmaz.com\/wp-content\/uploads\/2022\/04\/La-formule-La-recette-35-2048x600.png 2048w, https:\/\/yulmaz.com\/wp-content\/uploads\/2022\/04\/La-formule-La-recette-35-768x225.png 768w, https:\/\/yulmaz.com\/wp-content\/uploads\/2022\/04\/La-formule-La-recette-35-1536x450.png 1536w, https:\/\/yulmaz.com\/wp-content\/uploads\/2022\/04\/La-formule-La-recette-35-18x5.png 18w\" sizes=\"(max-width: 1200px) 100vw, 1200px\" \/>\t\t\t\t\t\t\t\t\t\t\t\t\t\t\t<\/div>\n\t\t\t\t<\/div>\n\t\t\t\t<div class=\"elementor-element elementor-element-42b0661 elementor-widget elementor-widget-heading\" data-id=\"42b0661\" data-element_type=\"widget\" data-e-type=\"widget\" data-widget_type=\"heading.default\">\n\t\t\t\t<div class=\"elementor-widget-container\">\n\t\t\t\t\t<h1 class=\"elementor-heading-title elementor-size-default\">Initier - Former -  Forger <\/h1>\t\t\t\t<\/div>\n\t\t\t\t<\/div>\n\t\t\t\t<div class=\"elementor-element elementor-element-b0d15cf elementor-widget elementor-widget-heading\" data-id=\"b0d15cf\" data-element_type=\"widget\" data-e-type=\"widget\" data-widget_type=\"heading.default\">\n\t\t\t\t<div class=\"elementor-widget-container\">\n\t\t\t\t\t<h1 class=\"elementor-heading-title elementor-size-default\">Oui, je veux me pr\u00e9-inscrire \u00e0 vos formations pour apprendre \u00e0 exploiter facilement et rapidement les outils du marketing digital. <\/h1>\t\t\t\t<\/div>\n\t\t\t\t<\/div>\n\t\t\t\t<div class=\"elementor-element elementor-element-e1a6c75 elementor-hidden-tablet elementor-hidden-mobile elementor-button-align-stretch elementor-widget elementor-widget-form\" data-id=\"e1a6c75\" data-element_type=\"widget\" data-e-type=\"widget\" data-settings=\"{&quot;step_next_label&quot;:&quot;Next&quot;,&quot;step_previous_label&quot;:&quot;Previous&quot;,&quot;button_width&quot;:&quot;100&quot;,&quot;step_type&quot;:&quot;number_text&quot;,&quot;step_icon_shape&quot;:&quot;circle&quot;}\" data-widget_type=\"form.default\">\n\t\t\t\t<div class=\"elementor-widget-container\">\n\t\t\t\t\t\t\t<form class=\"elementor-form\" method=\"post\" name=\"New Form\" aria-label=\"New Form\">\n\t\t\t<input type=\"hidden\" name=\"post_id\" value=\"11390\"\/>\n\t\t\t<input type=\"hidden\" name=\"form_id\" value=\"e1a6c75\"\/>\n\t\t\t<input type=\"hidden\" name=\"referer_title\" value=\"PRE-INSCRIPTION\" \/>\n\n\t\t\t\t\t\t\t<input type=\"hidden\" name=\"queried_id\" value=\"11390\"\/>\n\t\t\t\n\t\t\t<div class=\"elementor-form-fields-wrapper elementor-labels-above\">\n\t\t\t\t\t\t\t\t<div class=\"elementor-field-type-text elementor-field-group elementor-column elementor-field-group-name elementor-col-100 elementor-field-required\">\n\t\t\t\t\t\t\t\t\t\t\t\t<label for=\"form-field-name\" class=\"elementor-field-label\">\n\t\t\t\t\t\t\t\tNom\t\t\t\t\t\t\t<\/label>\n\t\t\t\t\t\t\t\t\t\t\t\t\t\t<input size=\"1\" type=\"text\" name=\"form_fields[name]\" id=\"form-field-name\" class=\"elementor-field elementor-size-sm  elementor-field-textual\" placeholder=\"Nom\" required=\"required\">\n\t\t\t\t\t\t\t\t\t\t\t<\/div>\n\t\t\t\t\t\t\t\t<div class=\"elementor-field-type-email elementor-field-group elementor-column elementor-field-group-email elementor-col-100 elementor-field-required\">\n\t\t\t\t\t\t\t\t\t\t\t\t<label for=\"form-field-email\" class=\"elementor-field-label\">\n\t\t\t\t\t\t\t\tEmail\t\t\t\t\t\t\t<\/label>\n\t\t\t\t\t\t\t\t\t\t\t\t\t\t<input size=\"1\" type=\"email\" name=\"form_fields[email]\" id=\"form-field-email\" class=\"elementor-field elementor-size-sm  elementor-field-textual\" placeholder=\"Email\" required=\"required\">\n\t\t\t\t\t\t\t\t\t\t\t<\/div>\n\t\t\t\t\t\t\t\t<div class=\"elementor-field-type-tel elementor-field-group elementor-column elementor-field-group-field_4d5bf21 elementor-col-100 elementor-field-required\">\n\t\t\t\t\t\t\t\t\t\t\t\t<label for=\"form-field-field_4d5bf21\" class=\"elementor-field-label\">\n\t\t\t\t\t\t\t\tT\u00e9l\u00e9phone \t\t\t\t\t\t\t<\/label>\n\t\t\t\t\t\t\t\t<input size=\"1\" type=\"tel\" name=\"form_fields[field_4d5bf21]\" id=\"form-field-field_4d5bf21\" class=\"elementor-field elementor-size-sm  elementor-field-textual\" placeholder=\"T\u00e9l\u00e9phone \" required=\"required\" pattern=\"[0-9()#&amp;+*-=.]+\" title=\"Only numbers and phone characters (#, -, *, etc) are accepted.\">\n\n\t\t\t\t\t\t<\/div>\n\t\t\t\t\t\t\t\t<div class=\"elementor-field-type-select elementor-field-group elementor-column elementor-field-group-field_594a4e4 elementor-col-100 elementor-field-required\">\n\t\t\t\t\t\t\t\t\t\t\t\t<label for=\"form-field-field_594a4e4\" class=\"elementor-field-label\">\n\t\t\t\t\t\t\t\tFormation\t\t\t\t\t\t\t<\/label>\n\t\t\t\t\t\t\t\t<div class=\"elementor-field elementor-select-wrapper remove-before \">\n\t\t\t<div class=\"select-caret-down-wrapper\">\n\t\t\t\t<i aria-hidden=\"true\" class=\"eicon-caret-down\"><\/i>\t\t\t<\/div>\n\t\t\t<select name=\"form_fields[field_594a4e4]\" id=\"form-field-field_594a4e4\" class=\"elementor-field-textual elementor-size-sm\" required=\"required\">\n\t\t\t\t\t\t\t\t\t<option value=\"Instagram\">Instagram<\/option>\n\t\t\t\t\t\t\t\t\t<option value=\"Facebook ADS\">Facebook ADS<\/option>\n\t\t\t\t\t\t\t\t\t<option value=\"CANVA - Design \">CANVA - Design <\/option>\n\t\t\t\t\t\t\t\t\t<option value=\"LinkedIn\">LinkedIn<\/option>\n\t\t\t\t\t\t\t\t\t<option value=\"Strat\u00e9gie SEO\">Strat\u00e9gie SEO<\/option>\n\t\t\t\t\t\t\t\t\t<option value=\"Strat\u00e9gie SEA\">Strat\u00e9gie SEA<\/option>\n\t\t\t\t\t\t\t\t\t<option value=\"Google Business\">Google Business<\/option>\n\t\t\t\t\t\t\t\t\t<option value=\"Google ADS\">Google ADS<\/option>\n\t\t\t\t\t\t\t\t\t<option value=\"Boutique en ligne \">Boutique en ligne <\/option>\n\t\t\t\t\t\t\t\t\t<option value=\"S\u00e9lectionner votre choix de formation\">S\u00e9lectionner votre choix de formation<\/option>\n\t\t\t\t\t\t\t<\/select>\n\t\t<\/div>\n\t\t\t\t\t\t<\/div>\n\t\t\t\t\t\t\t\t<div class=\"elementor-field-type-checkbox elementor-field-group elementor-column elementor-field-group-field_90fd1c6 elementor-col-100\">\n\t\t\t\t\t\t\t\t\t\t\t\t<label for=\"form-field-field_90fd1c6\" class=\"elementor-field-label\">\n\t\t\t\t\t\t\t\tChoisir le moment qui vous convient le mieux \t\t\t\t\t\t\t<\/label>\n\t\t\t\t\t\t<div class=\"elementor-field-subgroup  elementor-subgroup-inline\"><span class=\"elementor-field-option\"><input type=\"checkbox\" value=\"Week-end\" id=\"form-field-field_90fd1c6-0\" name=\"form_fields[field_90fd1c6][]\"> <label for=\"form-field-field_90fd1c6-0\">Week-end<\/label><\/span><span class=\"elementor-field-option\"><input type=\"checkbox\" value=\"Jours de semaine\" id=\"form-field-field_90fd1c6-1\" name=\"form_fields[field_90fd1c6][]\"> <label for=\"form-field-field_90fd1c6-1\">Jours de semaine<\/label><\/span><span class=\"elementor-field-option\"><input type=\"checkbox\" value=\"Peu importe\" id=\"form-field-field_90fd1c6-2\" name=\"form_fields[field_90fd1c6][]\"> <label for=\"form-field-field_90fd1c6-2\">Peu importe<\/label><\/span><\/div>\t\t\t\t<\/div>\n\t\t\t\t\t\t\t\t<div class=\"elementor-field-type-select elementor-field-group elementor-column elementor-field-group-field_e3766e1 elementor-col-100 elementor-field-required\">\n\t\t\t\t\t\t\t\t\t\t\t\t<label for=\"form-field-field_e3766e1\" class=\"elementor-field-label\">\n\t\t\t\t\t\t\t\tChoisir la ville\t\t\t\t\t\t\t<\/label>\n\t\t\t\t\t\t\t\t<div class=\"elementor-field elementor-select-wrapper remove-before \">\n\t\t\t<div class=\"select-caret-down-wrapper\">\n\t\t\t\t<i aria-hidden=\"true\" class=\"eicon-caret-down\"><\/i>\t\t\t<\/div>\n\t\t\t<select name=\"form_fields[field_e3766e1]\" id=\"form-field-field_e3766e1\" class=\"elementor-field-textual elementor-size-sm\" required=\"required\">\n\t\t\t\t\t\t\t\t\t<option value=\"\"><\/option>\n\t\t\t\t\t\t\t\t\t<option value=\"S\u00e9tif\">S\u00e9tif<\/option>\n\t\t\t\t\t\t\t\t\t<option value=\"Oran\">Oran<\/option>\n\t\t\t\t\t\t\t\t\t<option value=\"Alger\">Alger<\/option>\n\t\t\t\t\t\t\t\t\t<option value=\"Annaba\">Annaba<\/option>\n\t\t\t\t\t\t\t\t\t<option value=\"Oued-Souf\">Oued-Souf<\/option>\n\t\t\t\t\t\t\t\t\t<option value=\"Bechar\">Bechar<\/option>\n\t\t\t\t\t\t\t\t\t<option value=\"S\u00e9lectionner votre ville\">S\u00e9lectionner votre ville<\/option>\n\t\t\t\t\t\t\t<\/select>\n\t\t<\/div>\n\t\t\t\t\t\t<\/div>\n\t\t\t\t\t\t\t\t<div class=\"elementor-field-type-textarea elementor-field-group elementor-column elementor-field-group-field_da7dabf elementor-col-100\">\n\t\t\t\t\t\t\t\t\t\t\t\t<label for=\"form-field-field_da7dabf\" class=\"elementor-field-label\">\n\t\t\t\t\t\t\t\tMessage\t\t\t\t\t\t\t<\/label>\n\t\t\t\t\t\t<textarea class=\"elementor-field-textual elementor-field  elementor-size-sm\" name=\"form_fields[field_da7dabf]\" id=\"form-field-field_da7dabf\" rows=\"4\" placeholder=\"Faites-nous par de vos besoins pour une formation personnalis\u00e9e\"><\/textarea>\t\t\t\t<\/div>\n\t\t\t\t\t\t\t\t<div class=\"elementor-field-type-checkbox elementor-field-group elementor-column elementor-field-group-field_0671ee5 elementor-col-100\">\n\t\t\t\t\t<div class=\"elementor-field-subgroup  elementor-subgroup-inline\"><span class=\"elementor-field-option\"><input type=\"checkbox\" value=\"J&#039;accepte de recevoir les information sur toutes les formations et les actualit\u00e9s (d\u00e9sinscription facile \u00e0 tout moment)\" id=\"form-field-field_0671ee5-0\" name=\"form_fields[field_0671ee5]\"> <label for=\"form-field-field_0671ee5-0\">J'accepte de recevoir les information sur toutes les formations et les actualit\u00e9s (d\u00e9sinscription facile \u00e0 tout moment)<\/label><\/span><\/div>\t\t\t\t<\/div>\n\t\t\t\t\t\t\t\t<div class=\"elementor-field-group elementor-column elementor-field-type-submit elementor-col-100 e-form__buttons\">\n\t\t\t\t\t<button class=\"elementor-button elementor-size-md\" type=\"submit\">\n\t\t\t\t\t\t<span class=\"elementor-button-content-wrapper\">\n\t\t\t\t\t\t\t\t\t\t\t\t\t\t\t\t\t\t\t\t\t\t<span class=\"elementor-button-text\">PR\u00c8-INSCRIPTION<\/span>\n\t\t\t\t\t\t\t\t\t\t\t\t\t<\/span>\n\t\t\t\t\t<\/button>\n\t\t\t\t<\/div>\n\t\t\t<\/div>\n\t\t<\/form>\n\t\t\t\t\t\t<\/div>\n\t\t\t\t<\/div>\n\t\t\t\t<div class=\"elementor-element elementor-element-a6bcba1 elementor-hidden-desktop elementor-button-align-stretch elementor-widget elementor-widget-form\" data-id=\"a6bcba1\" data-element_type=\"widget\" data-e-type=\"widget\" data-settings=\"{&quot;step_next_label&quot;:&quot;Next&quot;,&quot;step_previous_label&quot;:&quot;Previous&quot;,&quot;button_width&quot;:&quot;100&quot;,&quot;step_type&quot;:&quot;number_text&quot;,&quot;step_icon_shape&quot;:&quot;circle&quot;}\" data-widget_type=\"form.default\">\n\t\t\t\t<div class=\"elementor-widget-container\">\n\t\t\t\t\t\t\t<form class=\"elementor-form\" method=\"post\" name=\"New Form\" aria-label=\"New Form\">\n\t\t\t<input type=\"hidden\" name=\"post_id\" value=\"11390\"\/>\n\t\t\t<input type=\"hidden\" name=\"form_id\" value=\"a6bcba1\"\/>\n\t\t\t<input type=\"hidden\" name=\"referer_title\" value=\"PRE-INSCRIPTION\" \/>\n\n\t\t\t\t\t\t\t<input type=\"hidden\" name=\"queried_id\" value=\"11390\"\/>\n\t\t\t\n\t\t\t<div class=\"elementor-form-fields-wrapper elementor-labels-above\">\n\t\t\t\t\t\t\t\t<div class=\"elementor-field-type-text elementor-field-group elementor-column elementor-field-group-name elementor-col-100 elementor-field-required\">\n\t\t\t\t\t\t\t\t\t\t\t\t<label for=\"form-field-name\" class=\"elementor-field-label\">\n\t\t\t\t\t\t\t\tNom\t\t\t\t\t\t\t<\/label>\n\t\t\t\t\t\t\t\t\t\t\t\t\t\t<input size=\"1\" type=\"text\" name=\"form_fields[name]\" id=\"form-field-name\" class=\"elementor-field elementor-size-xs  elementor-field-textual\" placeholder=\"Nom\" required=\"required\">\n\t\t\t\t\t\t\t\t\t\t\t<\/div>\n\t\t\t\t\t\t\t\t<div class=\"elementor-field-type-email elementor-field-group elementor-column elementor-field-group-email elementor-col-100 elementor-field-required\">\n\t\t\t\t\t\t\t\t\t\t\t\t<label for=\"form-field-email\" class=\"elementor-field-label\">\n\t\t\t\t\t\t\t\tEmail\t\t\t\t\t\t\t<\/label>\n\t\t\t\t\t\t\t\t\t\t\t\t\t\t<input size=\"1\" type=\"email\" name=\"form_fields[email]\" id=\"form-field-email\" class=\"elementor-field elementor-size-xs  elementor-field-textual\" placeholder=\"Email\" required=\"required\">\n\t\t\t\t\t\t\t\t\t\t\t<\/div>\n\t\t\t\t\t\t\t\t<div class=\"elementor-field-type-tel elementor-field-group elementor-column elementor-field-group-field_a5a1891 elementor-col-100 elementor-field-required\">\n\t\t\t\t\t\t\t\t\t\t\t\t<label for=\"form-field-field_a5a1891\" class=\"elementor-field-label\">\n\t\t\t\t\t\t\t\tT\u00e9l\u00e9phone\t\t\t\t\t\t\t<\/label>\n\t\t\t\t\t\t\t\t<input size=\"1\" type=\"tel\" name=\"form_fields[field_a5a1891]\" id=\"form-field-field_a5a1891\" class=\"elementor-field elementor-size-xs  elementor-field-textual\" placeholder=\"T\u00e9l\u00e9phone\" required=\"required\" pattern=\"[0-9()#&amp;+*-=.]+\" title=\"Only numbers and phone characters (#, -, *, etc) are accepted.\">\n\n\t\t\t\t\t\t<\/div>\n\t\t\t\t\t\t\t\t<div class=\"elementor-field-type-select elementor-field-group elementor-column elementor-field-group-field_594a4e4 elementor-col-100 elementor-field-required\">\n\t\t\t\t\t\t\t\t\t\t\t\t<label for=\"form-field-field_594a4e4\" class=\"elementor-field-label\">\n\t\t\t\t\t\t\t\tFormation\t\t\t\t\t\t\t<\/label>\n\t\t\t\t\t\t\t\t<div class=\"elementor-field elementor-select-wrapper remove-before \">\n\t\t\t<div class=\"select-caret-down-wrapper\">\n\t\t\t\t<i aria-hidden=\"true\" class=\"eicon-caret-down\"><\/i>\t\t\t<\/div>\n\t\t\t<select name=\"form_fields[field_594a4e4]\" id=\"form-field-field_594a4e4\" class=\"elementor-field-textual elementor-size-xs\" required=\"required\">\n\t\t\t\t\t\t\t\t\t<option value=\"\"><\/option>\n\t\t\t\t\t\t\t\t\t<option value=\"Instagram\">Instagram<\/option>\n\t\t\t\t\t\t\t\t\t<option value=\"Facebook ADS\">Facebook ADS<\/option>\n\t\t\t\t\t\t\t\t\t<option value=\"CANVA - Design \">CANVA - Design <\/option>\n\t\t\t\t\t\t\t\t\t<option value=\"LinkedIn\">LinkedIn<\/option>\n\t\t\t\t\t\t\t\t\t<option value=\"Strat\u00e9gie SEO\">Strat\u00e9gie SEO<\/option>\n\t\t\t\t\t\t\t\t\t<option value=\"Strat\u00e9gie SEA\">Strat\u00e9gie SEA<\/option>\n\t\t\t\t\t\t\t\t\t<option value=\"Google Business\">Google Business<\/option>\n\t\t\t\t\t\t\t\t\t<option value=\"Google ADS\">Google ADS<\/option>\n\t\t\t\t\t\t\t\t\t<option value=\"S\u00e9lectionner votre choix de formation\">S\u00e9lectionner votre choix de formation<\/option>\n\t\t\t\t\t\t\t<\/select>\n\t\t<\/div>\n\t\t\t\t\t\t<\/div>\n\t\t\t\t\t\t\t\t<div class=\"elementor-field-type-checkbox elementor-field-group elementor-column elementor-field-group-field_90fd1c6 elementor-col-100\">\n\t\t\t\t\t\t\t\t\t\t\t\t<label for=\"form-field-field_90fd1c6\" class=\"elementor-field-label\">\n\t\t\t\t\t\t\t\tChoisir le moment qui vous convient le mieux \t\t\t\t\t\t\t<\/label>\n\t\t\t\t\t\t<div class=\"elementor-field-subgroup  elementor-subgroup-inline\"><span class=\"elementor-field-option\"><input type=\"checkbox\" value=\"Week-end\" id=\"form-field-field_90fd1c6-0\" name=\"form_fields[field_90fd1c6][]\"> <label for=\"form-field-field_90fd1c6-0\">Week-end<\/label><\/span><span class=\"elementor-field-option\"><input type=\"checkbox\" value=\"Jours de semaine\" id=\"form-field-field_90fd1c6-1\" name=\"form_fields[field_90fd1c6][]\"> <label for=\"form-field-field_90fd1c6-1\">Jours de semaine<\/label><\/span><span class=\"elementor-field-option\"><input type=\"checkbox\" value=\"Peu importe\" id=\"form-field-field_90fd1c6-2\" name=\"form_fields[field_90fd1c6][]\"> <label for=\"form-field-field_90fd1c6-2\">Peu importe<\/label><\/span><\/div>\t\t\t\t<\/div>\n\t\t\t\t\t\t\t\t<div class=\"elementor-field-type-select elementor-field-group elementor-column elementor-field-group-field_e3766e1 elementor-col-100 elementor-field-required\">\n\t\t\t\t\t\t\t\t\t\t\t\t<label for=\"form-field-field_e3766e1\" class=\"elementor-field-label\">\n\t\t\t\t\t\t\t\tChoisir la ville\t\t\t\t\t\t\t<\/label>\n\t\t\t\t\t\t\t\t<div class=\"elementor-field elementor-select-wrapper remove-before \">\n\t\t\t<div class=\"select-caret-down-wrapper\">\n\t\t\t\t<i aria-hidden=\"true\" class=\"eicon-caret-down\"><\/i>\t\t\t<\/div>\n\t\t\t<select name=\"form_fields[field_e3766e1]\" id=\"form-field-field_e3766e1\" class=\"elementor-field-textual elementor-size-xs\" required=\"required\">\n\t\t\t\t\t\t\t\t\t<option value=\"\"><\/option>\n\t\t\t\t\t\t\t\t\t<option value=\"S\u00e9tif\">S\u00e9tif<\/option>\n\t\t\t\t\t\t\t\t\t<option value=\"Oran\">Oran<\/option>\n\t\t\t\t\t\t\t\t\t<option value=\"Alger\">Alger<\/option>\n\t\t\t\t\t\t\t\t\t<option value=\"Annaba\">Annaba<\/option>\n\t\t\t\t\t\t\t\t\t<option value=\"Oued-Souf\">Oued-Souf<\/option>\n\t\t\t\t\t\t\t\t\t<option value=\"Bechar\">Bechar<\/option>\n\t\t\t\t\t\t\t\t\t<option value=\"S\u00e9lectionner votre ville\">S\u00e9lectionner votre ville<\/option>\n\t\t\t\t\t\t\t<\/select>\n\t\t<\/div>\n\t\t\t\t\t\t<\/div>\n\t\t\t\t\t\t\t\t<div class=\"elementor-field-type-textarea elementor-field-group elementor-column elementor-field-group-field_da7dabf elementor-col-100 elementor-field-required\">\n\t\t\t\t\t\t\t\t\t\t\t\t<label for=\"form-field-field_da7dabf\" class=\"elementor-field-label\">\n\t\t\t\t\t\t\t\tMessage\t\t\t\t\t\t\t<\/label>\n\t\t\t\t\t\t<textarea class=\"elementor-field-textual elementor-field  elementor-size-xs\" name=\"form_fields[field_da7dabf]\" id=\"form-field-field_da7dabf\" rows=\"4\" placeholder=\"Faites-nous par de vos besoins pour une formation personnalis\u00e9e\" required=\"required\"><\/textarea>\t\t\t\t<\/div>\n\t\t\t\t\t\t\t\t<div class=\"elementor-field-type-checkbox elementor-field-group elementor-column elementor-field-group-field_0671ee5 elementor-col-100\">\n\t\t\t\t\t<div class=\"elementor-field-subgroup  elementor-subgroup-inline\"><span class=\"elementor-field-option\"><input type=\"checkbox\" value=\"J&#039;accepte de recevoir les information sur toutes les formations et les actualit\u00e9s (d\u00e9sinscription facile \u00e0 tout moment)\" id=\"form-field-field_0671ee5-0\" name=\"form_fields[field_0671ee5]\"> <label for=\"form-field-field_0671ee5-0\">J'accepte de recevoir les information sur toutes les formations et les actualit\u00e9s (d\u00e9sinscription facile \u00e0 tout moment)<\/label><\/span><\/div>\t\t\t\t<\/div>\n\t\t\t\t\t\t\t\t<div class=\"elementor-field-group elementor-column elementor-field-type-submit elementor-col-100 e-form__buttons\">\n\t\t\t\t\t<button class=\"elementor-button elementor-size-md\" type=\"submit\">\n\t\t\t\t\t\t<span class=\"elementor-button-content-wrapper\">\n\t\t\t\t\t\t\t\t\t\t\t\t\t\t\t\t\t\t\t\t\t\t<span class=\"elementor-button-text\">PR\u00c8-INSCRIPTION<\/span>\n\t\t\t\t\t\t\t\t\t\t\t\t\t<\/span>\n\t\t\t\t\t<\/button>\n\t\t\t\t<\/div>\n\t\t\t<\/div>\n\t\t<\/form>\n\t\t\t\t\t\t<\/div>\n\t\t\t\t<\/div>\n\t\t\t\t\t<\/div>\n\t\t<\/div>\n\t\t\t\t\t<\/div>\n\t\t<\/section>\n\t\t\t\t<\/div>\n\t\t","protected":false},"excerpt":{"rendered":"<p>Initier &#8211; Former &#8211; Forger Oui, je veux me pr\u00e9-inscrire \u00e0 vos formations pour apprendre \u00e0 exploiter facilement et rapidement les outils du marketing digital.<\/p>","protected":false},"author":1,"featured_media":0,"parent":0,"menu_order":0,"comment_status":"closed","ping_status":"closed","template":"elementor_header_footer","meta":{"_kadence_starter_templates_imported_post":false,"_kad_post_transparent":"","_kad_post_title":"hide","_kad_post_layout":"fullwidth","_kad_post_sidebar_id":"","_kad_post_content_style":"unboxed","_kad_post_vertical_padding":"hide","_kad_post_feature":"hide","_kad_post_feature_position":"","_kad_post_header":false,"_kad_post_footer":false,"_kad_post_classname":"","slim_seo":{"title":"PRE-INSCRIPTION - Yulmaz Marketing","description":"Initier - Former - Forger Oui, je veux me pr\u00e9-inscrire \u00e0 vos formations pour apprendre \u00e0 exploiter facilement et rapidement les outils du marketing digital."},"footnotes":""},"class_list":["post-11390","page","type-page","status-publish","hentry"],"_links":{"self":[{"href":"https:\/\/yulmaz.com\/en\/wp-json\/wp\/v2\/pages\/11390","targetHints":{"allow":["GET"]}}],"collection":[{"href":"https:\/\/yulmaz.com\/en\/wp-json\/wp\/v2\/pages"}],"about":[{"href":"https:\/\/yulmaz.com\/en\/wp-json\/wp\/v2\/types\/page"}],"author":[{"embeddable":true,"href":"https:\/\/yulmaz.com\/en\/wp-json\/wp\/v2\/users\/1"}],"replies":[{"embeddable":true,"href":"https:\/\/yulmaz.com\/en\/wp-json\/wp\/v2\/comments?post=11390"}],"version-history":[{"count":61,"href":"https:\/\/yulmaz.com\/en\/wp-json\/wp\/v2\/pages\/11390\/revisions"}],"predecessor-version":[{"id":12082,"href":"https:\/\/yulmaz.com\/en\/wp-json\/wp\/v2\/pages\/11390\/revisions\/12082"}],"wp:attachment":[{"href":"https:\/\/yulmaz.com\/en\/wp-json\/wp\/v2\/media?parent=11390"}],"curies":[{"name":"wp","href":"https:\/\/api.w.org\/{rel}","templated":true}]}}